{"id":2164,"date":"2023-03-15T14:13:53","date_gmt":"2023-03-15T13:13:53","guid":{"rendered":"http:\/\/carriej.cluster030.hosting.ovh.net\/?page_id=2164"},"modified":"2025-06-02T09:20:24","modified_gmt":"2025-06-02T07:20:24","slug":"boutique","status":"publish","type":"page","link":"https:\/\/www.carrierewellington.com\/en\/boutique\/","title":{"rendered":"Ticketplace"},"content":{"rendered":"<div class=\"wp-block-uagb-post-grid uagb-post-grid  uagb-post__image-position-top uagb-post__image-enabled uagb-block-87424092     uagb-post__items uagb-post__columns-3 is-grid uagb-post__columns-tablet-2 uagb-post__columns-mobile-1 uagb-post__equal-height uagb-equal_height_inline-read-more-buttons\" data-total=\"1\" style=\"\">\n\n\t\t\t\t\t\t\t\t\t\t\t\t<article class=\"uagb-post__inner-wrap\">\t\t\t\t\t\t\t\t<div class='uagb-post__image'>\n\t\t\t\t\t\t\t\t\t<a href=\"https:\/\/www.carrierewellington.com\/en\/panoramic-story\/\" target=\"_self\" rel=\"bookmark noopener noreferrer\" class='uagb-image-ratio-2-3'><img loading=\"lazy\" decoding=\"async\" width=\"1024\" height=\"576\" src=\"https:\/\/www.carrierewellington.com\/wp-content\/uploads\/2025\/06\/Drapeaux-Visites-BILINGUES-1024x576.png\" class=\"attachment-large size-large\" alt=\"\" srcset=\"https:\/\/www.carrierewellington.com\/wp-content\/uploads\/2025\/06\/Drapeaux-Visites-BILINGUES-1024x576.png 1024w, https:\/\/www.carrierewellington.com\/wp-content\/uploads\/2025\/06\/Drapeaux-Visites-BILINGUES-300x169.png 300w, https:\/\/www.carrierewellington.com\/wp-content\/uploads\/2025\/06\/Drapeaux-Visites-BILINGUES-768x432.png 768w, https:\/\/www.carrierewellington.com\/wp-content\/uploads\/2025\/06\/Drapeaux-Visites-BILINGUES-1536x864.png 1536w, https:\/\/www.carrierewellington.com\/wp-content\/uploads\/2025\/06\/Drapeaux-Visites-BILINGUES-18x10.png 18w, https:\/\/www.carrierewellington.com\/wp-content\/uploads\/2025\/06\/Drapeaux-Visites-BILINGUES.png 1920w\" sizes=\"auto, (max-width: 1024px) 100vw, 1024px\" \/>\t\t\t\t\t<\/a>\n\t\t\t\t\t\t\t<\/div>\n\t\t\t\t\t\t<h5 class=\"uagb-post__title uagb-post__text\">\n\t\t\t\t<a href=\"https:\/\/www.carrierewellington.com\/en\/panoramic-story\/\" target=\"_self\" rel=\"bookmark noopener noreferrer\">Guided tour<\/a>\n\t\t\t<\/h5>\n\t\t\t\t\t\t<div class='uagb-post__text uagb-post-grid-byline'>\n\t\t\t\t\t\t\t<\/div>\n\t\t\t\t\t\t\t<div class='uagb-post__text uagb-post__excerpt'>\n\t\t\t\t\t\u00c0 partir de 5,70\u20ac \t\t\t\t<\/div>\n\t\t\t\t\t\t<div class=\"uagb-post__text uagb-post__cta wp-block-button\">\n\t\t\t\t<a class=\"wp-block-button__link uagb-text-link\" style=\"\" href=\"https:\/\/www.carrierewellington.com\/en\/panoramic-story\/\" target=\"_self\" rel=\"bookmark noopener noreferrer\">Book now<\/a>\n\t\t\t<\/div>\n\t\t\t\n\t\t\t\t\t\t\t\t\t<\/article>\n\t\t\t\t\t\t\t\t\t\t\t\t\t\t\t\t<article class=\"uagb-post__inner-wrap\">\t\t\t\t\t\t\t\t<div class='uagb-post__image'>\n\t\t\t\t\t\t\t\t\t<a href=\"https:\/\/www.carrierewellington.com\/en\/visite-guidee-privee\/\" target=\"_self\" rel=\"bookmark noopener noreferrer\" class='uagb-image-ratio-2-3'><img loading=\"lazy\" decoding=\"async\" width=\"1024\" height=\"576\" src=\"https:\/\/www.carrierewellington.com\/wp-content\/uploads\/2023\/06\/VIGNETTE-PRIVEE-2-1024x576.png\" class=\"attachment-large size-large\" alt=\"\" srcset=\"https:\/\/www.carrierewellington.com\/wp-content\/uploads\/2023\/06\/VIGNETTE-PRIVEE-2-1024x576.png 1024w, https:\/\/www.carrierewellington.com\/wp-content\/uploads\/2023\/06\/VIGNETTE-PRIVEE-2-300x169.png 300w, https:\/\/www.carrierewellington.com\/wp-content\/uploads\/2023\/06\/VIGNETTE-PRIVEE-2-768x432.png 768w, https:\/\/www.carrierewellington.com\/wp-content\/uploads\/2023\/06\/VIGNETTE-PRIVEE-2-1536x864.png 1536w, https:\/\/www.carrierewellington.com\/wp-content\/uploads\/2023\/06\/VIGNETTE-PRIVEE-2-18x10.png 18w, https:\/\/www.carrierewellington.com\/wp-content\/uploads\/2023\/06\/VIGNETTE-PRIVEE-2.png 1920w\" sizes=\"auto, (max-width: 1024px) 100vw, 1024px\" \/>\t\t\t\t\t<\/a>\n\t\t\t\t\t\t\t<\/div>\n\t\t\t\t\t\t<h5 class=\"uagb-post__title uagb-post__text\">\n\t\t\t\t<a href=\"https:\/\/www.carrierewellington.com\/en\/visite-guidee-privee\/\" target=\"_self\" rel=\"bookmark noopener noreferrer\">Private tour<\/a>\n\t\t\t<\/h5>\n\t\t\t\t\t\t<div class='uagb-post__text uagb-post-grid-byline'>\n\t\t\t\t\t\t\t<\/div>\n\t\t\t\t\t\t\t<div class='uagb-post__text uagb-post__excerpt'>\n\t\t\t\t\t\u00c0 partir de 30,50\u20ac\t\t\t\t<\/div>\n\t\t\t\t\t\t<div class=\"uagb-post__text uagb-post__cta wp-block-button\">\n\t\t\t\t<a class=\"wp-block-button__link uagb-text-link\" style=\"\" href=\"https:\/\/www.carrierewellington.com\/en\/visite-guidee-privee\/\" target=\"_self\" rel=\"bookmark noopener noreferrer\">Book now<\/a>\n\t\t\t<\/div>\n\t\t\t\n\t\t\t\t\t\t\t\t\t<\/article>\n\t\t\t\t\t\t\t\t\t\t\t\t\t\t\t\t<article class=\"uagb-post__inner-wrap\">\t\t\t\t\t\t\t\t<div class='uagb-post__image'>\n\t\t\t\t\t\t\t\t\t<a href=\"https:\/\/www.carrierewellington.com\/en\/visite-guidee-en-francais\/\" target=\"_self\" rel=\"bookmark noopener noreferrer\" class='uagb-image-ratio-2-3'><img loading=\"lazy\" decoding=\"async\" width=\"1024\" height=\"576\" src=\"https:\/\/www.carrierewellington.com\/wp-content\/uploads\/2023\/06\/Drapeaux-Visites-fr-1-1024x576.png\" class=\"attachment-large size-large\" alt=\"\" srcset=\"https:\/\/www.carrierewellington.com\/wp-content\/uploads\/2023\/06\/Drapeaux-Visites-fr-1-1024x576.png 1024w, https:\/\/www.carrierewellington.com\/wp-content\/uploads\/2023\/06\/Drapeaux-Visites-fr-1-300x169.png 300w, https:\/\/www.carrierewellington.com\/wp-content\/uploads\/2023\/06\/Drapeaux-Visites-fr-1-768x432.png 768w, https:\/\/www.carrierewellington.com\/wp-content\/uploads\/2023\/06\/Drapeaux-Visites-fr-1-1536x864.png 1536w, https:\/\/www.carrierewellington.com\/wp-content\/uploads\/2023\/06\/Drapeaux-Visites-fr-1-18x10.png 18w, https:\/\/www.carrierewellington.com\/wp-content\/uploads\/2023\/06\/Drapeaux-Visites-fr-1.png 1920w\" sizes=\"auto, (max-width: 1024px) 100vw, 1024px\" \/>\t\t\t\t\t<\/a>\n\t\t\t\t\t\t\t<\/div>\n\t\t\t\t\t\t<h5 class=\"uagb-post__title uagb-post__text\">\n\t\t\t\t<a href=\"https:\/\/www.carrierewellington.com\/en\/visite-guidee-en-francais\/\" target=\"_self\" rel=\"bookmark noopener noreferrer\">Visite guid\u00e9e en fran\u00e7ais (\u00e0 partir du 15 juillet)<\/a>\n\t\t\t<\/h5>\n\t\t\t\t\t\t<div class='uagb-post__text uagb-post-grid-byline'>\n\t\t\t\t\t\t\t<\/div>\n\t\t\t\t\t\t\t<div class='uagb-post__text uagb-post__excerpt'>\n\t\t\t\t\t\u00c0 partir de 5,70\u20ac \t\t\t\t<\/div>\n\t\t\t\t\t\t<div class=\"uagb-post__text uagb-post__cta wp-block-button\">\n\t\t\t\t<a class=\"wp-block-button__link uagb-text-link\" style=\"\" href=\"https:\/\/www.carrierewellington.com\/en\/visite-guidee-en-francais\/\" target=\"_self\" rel=\"bookmark noopener noreferrer\">Book now<\/a>\n\t\t\t<\/div>\n\t\t\t\n\t\t\t\t\t\t\t\t\t<\/article>\n\t\t\t\t\t\t\t\t\t\t\t\t\t\t\t\t<article class=\"uagb-post__inner-wrap\">\t\t\t\t\t\t\t\t<div class='uagb-post__image'>\n\t\t\t\t\t\t\t\t\t<a href=\"https:\/\/www.carrierewellington.com\/en\/guided-tour-in-english\/\" target=\"_self\" rel=\"bookmark noopener noreferrer\" class='uagb-image-ratio-2-3'><img loading=\"lazy\" decoding=\"async\" width=\"1024\" height=\"576\" src=\"https:\/\/www.carrierewellington.com\/wp-content\/uploads\/2023\/06\/Drapeaux-Visites-gb-1-1024x576.png\" class=\"attachment-large size-large\" alt=\"\" srcset=\"https:\/\/www.carrierewellington.com\/wp-content\/uploads\/2023\/06\/Drapeaux-Visites-gb-1-1024x576.png 1024w, https:\/\/www.carrierewellington.com\/wp-content\/uploads\/2023\/06\/Drapeaux-Visites-gb-1-300x169.png 300w, https:\/\/www.carrierewellington.com\/wp-content\/uploads\/2023\/06\/Drapeaux-Visites-gb-1-768x432.png 768w, https:\/\/www.carrierewellington.com\/wp-content\/uploads\/2023\/06\/Drapeaux-Visites-gb-1-1536x864.png 1536w, https:\/\/www.carrierewellington.com\/wp-content\/uploads\/2023\/06\/Drapeaux-Visites-gb-1-18x10.png 18w, https:\/\/www.carrierewellington.com\/wp-content\/uploads\/2023\/06\/Drapeaux-Visites-gb-1.png 1920w\" sizes=\"auto, (max-width: 1024px) 100vw, 1024px\" \/>\t\t\t\t\t<\/a>\n\t\t\t\t\t\t\t<\/div>\n\t\t\t\t\t\t<h5 class=\"uagb-post__title uagb-post__text\">\n\t\t\t\t<a href=\"https:\/\/www.carrierewellington.com\/en\/guided-tour-in-english\/\" target=\"_self\" rel=\"bookmark noopener noreferrer\">Guided tour in English (from 15th July)<\/a>\n\t\t\t<\/h5>\n\t\t\t\t\t\t<div class='uagb-post__text uagb-post-grid-byline'>\n\t\t\t\t\t\t\t<\/div>\n\t\t\t\t\t\t\t<div class='uagb-post__text uagb-post__excerpt'>\n\t\t\t\t\t\u00c0 partir de 5,70\u20ac\t\t\t\t<\/div>\n\t\t\t\t\t\t<div class=\"uagb-post__text uagb-post__cta wp-block-button\">\n\t\t\t\t<a class=\"wp-block-button__link uagb-text-link\" style=\"\" href=\"https:\/\/www.carrierewellington.com\/en\/guided-tour-in-english\/\" target=\"_self\" rel=\"bookmark noopener noreferrer\">Book now<\/a>\n\t\t\t<\/div>\n\t\t\t\n\t\t\t\t\t\t\t\t\t<\/article>\n\t\t\t\t\t\t\t\t\t\t\t\t\t\t\t\t<article class=\"uagb-post__inner-wrap\">\t\t\t\t\t\t\t\t<div class='uagb-post__image'>\n\t\t\t\t\t\t\t\t\t<a href=\"https:\/\/www.carrierewellington.com\/en\/underground-breakfast\/\" target=\"_self\" rel=\"bookmark noopener noreferrer\" class='uagb-image-ratio-2-3'><img loading=\"lazy\" decoding=\"async\" width=\"1024\" height=\"768\" src=\"https:\/\/www.carrierewellington.com\/wp-content\/uploads\/2023\/01\/Petit-dejeuner-\u00a9-Isabelle-Pilarowski-1-1024x768.jpg\" class=\"attachment-large size-large\" alt=\"\" srcset=\"https:\/\/www.carrierewellington.com\/wp-content\/uploads\/2023\/01\/Petit-dejeuner-\u00a9-Isabelle-Pilarowski-1-1024x768.jpg 1024w, https:\/\/www.carrierewellington.com\/wp-content\/uploads\/2023\/01\/Petit-dejeuner-\u00a9-Isabelle-Pilarowski-1-300x225.jpg 300w, https:\/\/www.carrierewellington.com\/wp-content\/uploads\/2023\/01\/Petit-dejeuner-\u00a9-Isabelle-Pilarowski-1-768x576.jpg 768w, https:\/\/www.carrierewellington.com\/wp-content\/uploads\/2023\/01\/Petit-dejeuner-\u00a9-Isabelle-Pilarowski-1-1536x1152.jpg 1536w, https:\/\/www.carrierewellington.com\/wp-content\/uploads\/2023\/01\/Petit-dejeuner-\u00a9-Isabelle-Pilarowski-1.jpg 1600w\" sizes=\"auto, (max-width: 1024px) 100vw, 1024px\" \/>\t\t\t\t\t<\/a>\n\t\t\t\t\t\t\t<\/div>\n\t\t\t\t\t\t<h5 class=\"uagb-post__title uagb-post__text\">\n\t\t\t\t<a href=\"https:\/\/www.carrierewellington.com\/en\/underground-breakfast\/\" target=\"_self\" rel=\"bookmark noopener noreferrer\">Underground Breakfast<\/a>\n\t\t\t<\/h5>\n\t\t\t\t\t\t<div class='uagb-post__text uagb-post-grid-byline'>\n\t\t\t\t\t\t\t<\/div>\n\t\t\t\t\t\t\t<div class='uagb-post__text uagb-post__excerpt'>\n\t\t\t\t\t\u00c0 partir de 61\u20ac\t\t\t\t<\/div>\n\t\t\t\t\t\t<div class=\"uagb-post__text uagb-post__cta wp-block-button\">\n\t\t\t\t<a class=\"wp-block-button__link uagb-text-link\" style=\"\" href=\"https:\/\/www.carrierewellington.com\/en\/underground-breakfast\/\" target=\"_self\" rel=\"bookmark noopener noreferrer\">Book now<\/a>\n\t\t\t<\/div>\n\t\t\t\n\t\t\t\t\t\t\t\t\t<\/article>\n\t\t\t\t\t\t\t\t\t\t\t\t\t\t\t\t<article class=\"uagb-post__inner-wrap\">\t\t\t\t\t\t\t\t<div class='uagb-post__image'>\n\t\t\t\t\t\t\t\t\t<a href=\"https:\/\/www.carrierewellington.com\/en\/graffiti-discovery\/\" target=\"_self\" rel=\"bookmark noopener noreferrer\" class='uagb-image-ratio-2-3'><img loading=\"lazy\" decoding=\"async\" width=\"1024\" height=\"576\" src=\"https:\/\/www.carrierewellington.com\/wp-content\/uploads\/2022\/04\/VIGNETTE-GRAFFITI-1024x576.png\" class=\"attachment-large size-large\" alt=\"\" srcset=\"https:\/\/www.carrierewellington.com\/wp-content\/uploads\/2022\/04\/VIGNETTE-GRAFFITI-1024x576.png 1024w, https:\/\/www.carrierewellington.com\/wp-content\/uploads\/2022\/04\/VIGNETTE-GRAFFITI-300x169.png 300w, https:\/\/www.carrierewellington.com\/wp-content\/uploads\/2022\/04\/VIGNETTE-GRAFFITI-768x432.png 768w, https:\/\/www.carrierewellington.com\/wp-content\/uploads\/2022\/04\/VIGNETTE-GRAFFITI-1536x864.png 1536w, https:\/\/www.carrierewellington.com\/wp-content\/uploads\/2022\/04\/VIGNETTE-GRAFFITI-18x10.png 18w, https:\/\/www.carrierewellington.com\/wp-content\/uploads\/2022\/04\/VIGNETTE-GRAFFITI.png 1920w\" sizes=\"auto, (max-width: 1024px) 100vw, 1024px\" \/>\t\t\t\t\t<\/a>\n\t\t\t\t\t\t\t<\/div>\n\t\t\t\t\t\t<h5 class=\"uagb-post__title uagb-post__text\">\n\t\t\t\t<a href=\"https:\/\/www.carrierewellington.com\/en\/graffiti-discovery\/\" target=\"_self\" rel=\"bookmark noopener noreferrer\">Graffiti Discovery<\/a>\n\t\t\t<\/h5>\n\t\t\t\t\t\t<div class='uagb-post__text uagb-post-grid-byline'>\n\t\t\t\t\t\t\t<\/div>\n\t\t\t\t\t\t\t<div class='uagb-post__text uagb-post__excerpt'>\n\t\t\t\t\t\u00c0 partir de 5,70\u20ac \t\t\t\t<\/div>\n\t\t\t\t\t\t<div class=\"uagb-post__text uagb-post__cta wp-block-button\">\n\t\t\t\t<a class=\"wp-block-button__link uagb-text-link\" style=\"\" href=\"https:\/\/www.carrierewellington.com\/en\/graffiti-discovery\/\" target=\"_self\" rel=\"bookmark noopener noreferrer\">Book now<\/a>\n\t\t\t<\/div>\n\t\t\t\n\t\t\t\t\t\t\t\t\t<\/article>\n\t\t\t\t\t\t\t\t\t\t\t\t\t\t\t\t<article class=\"uagb-post__inner-wrap\">\t\t\t\t\t\t\t\t<div class='uagb-post__image'>\n\t\t\t\t\t\t\t\t\t<a href=\"https:\/\/www.carrierewellington.com\/en\/track-game\/\" target=\"_self\" rel=\"bookmark noopener noreferrer\" class='uagb-image-ratio-2-3'><img loading=\"lazy\" decoding=\"async\" width=\"1024\" height=\"731\" src=\"https:\/\/www.carrierewellington.com\/wp-content\/uploads\/2023\/06\/Track-Game-75-1024x731.jpg\" class=\"attachment-large size-large\" alt=\"\" srcset=\"https:\/\/www.carrierewellington.com\/wp-content\/uploads\/2023\/06\/Track-Game-75-1024x731.jpg 1024w, https:\/\/www.carrierewellington.com\/wp-content\/uploads\/2023\/06\/Track-Game-75-300x214.jpg 300w, https:\/\/www.carrierewellington.com\/wp-content\/uploads\/2023\/06\/Track-Game-75-768x549.jpg 768w, https:\/\/www.carrierewellington.com\/wp-content\/uploads\/2023\/06\/Track-Game-75-1536x1097.jpg 1536w, https:\/\/www.carrierewellington.com\/wp-content\/uploads\/2023\/06\/Track-Game-75-2048x1463.jpg 2048w, https:\/\/www.carrierewellington.com\/wp-content\/uploads\/2023\/06\/Track-Game-75-18x12.jpg 18w\" sizes=\"auto, (max-width: 1024px) 100vw, 1024px\" \/>\t\t\t\t\t<\/a>\n\t\t\t\t\t\t\t<\/div>\n\t\t\t\t\t\t<h5 class=\"uagb-post__title uagb-post__text\">\n\t\t\t\t<a href=\"https:\/\/www.carrierewellington.com\/en\/track-game\/\" target=\"_self\" rel=\"bookmark noopener noreferrer\">Track-Game, l&rsquo;Escape Game de la Bataille d&rsquo;Arras<\/a>\n\t\t\t<\/h5>\n\t\t\t\t\t\t<div class='uagb-post__text uagb-post-grid-byline'>\n\t\t\t\t\t\t\t<\/div>\n\t\t\t\t\t\t\t<div class='uagb-post__text uagb-post__excerpt'>\n\t\t\t\t\t\u00c0 partir de 69\u20ac\t\t\t\t<\/div>\n\t\t\t\t\t\t<div class=\"uagb-post__text uagb-post__cta wp-block-button\">\n\t\t\t\t<a class=\"wp-block-button__link uagb-text-link\" style=\"\" href=\"https:\/\/www.carrierewellington.com\/en\/track-game\/\" target=\"_self\" rel=\"bookmark noopener noreferrer\">Book now<\/a>\n\t\t\t<\/div>\n\t\t\t\n\t\t\t\t\t\t\t\t\t<\/article>\n\t\t\t\t\t\t\t\t\t\t\t\t\t\t\t\t<article class=\"uagb-post__inner-wrap\">\t\t\t\t\t\t\t\t<div class='uagb-post__image'>\n\t\t\t\t\t\t\t\t\t<a href=\"https:\/\/www.carrierewellington.com\/en\/personal-memory\/\" target=\"_self\" rel=\"bookmark noopener noreferrer\" class='uagb-image-ratio-2-3'><img loading=\"lazy\" decoding=\"async\" width=\"1024\" height=\"576\" src=\"https:\/\/www.carrierewellington.com\/wp-content\/uploads\/2022\/04\/VIGNETTE-Personal-Memory-1024x576.png\" class=\"attachment-large size-large\" alt=\"\" srcset=\"https:\/\/www.carrierewellington.com\/wp-content\/uploads\/2022\/04\/VIGNETTE-Personal-Memory-1024x576.png 1024w, https:\/\/www.carrierewellington.com\/wp-content\/uploads\/2022\/04\/VIGNETTE-Personal-Memory-300x169.png 300w, https:\/\/www.carrierewellington.com\/wp-content\/uploads\/2022\/04\/VIGNETTE-Personal-Memory-768x432.png 768w, https:\/\/www.carrierewellington.com\/wp-content\/uploads\/2022\/04\/VIGNETTE-Personal-Memory-1536x864.png 1536w, https:\/\/www.carrierewellington.com\/wp-content\/uploads\/2022\/04\/VIGNETTE-Personal-Memory-18x10.png 18w, https:\/\/www.carrierewellington.com\/wp-content\/uploads\/2022\/04\/VIGNETTE-Personal-Memory.png 1920w\" sizes=\"auto, (max-width: 1024px) 100vw, 1024px\" \/>\t\t\t\t\t<\/a>\n\t\t\t\t\t\t\t<\/div>\n\t\t\t\t\t\t<h5 class=\"uagb-post__title uagb-post__text\">\n\t\t\t\t<a href=\"https:\/\/www.carrierewellington.com\/en\/personal-memory\/\" target=\"_self\" rel=\"bookmark noopener noreferrer\">Personal Memory, la visite en famille<\/a>\n\t\t\t<\/h5>\n\t\t\t\t\t\t<div class='uagb-post__text uagb-post-grid-byline'>\n\t\t\t\t\t\t\t<\/div>\n\t\t\t\t\t\t\t<div class='uagb-post__text uagb-post__excerpt'>\n\t\t\t\t\t\u00c0 partir de 30,50\u20ac\t\t\t\t<\/div>\n\t\t\t\t\t\t<div class=\"uagb-post__text uagb-post__cta wp-block-button\">\n\t\t\t\t<a class=\"wp-block-button__link uagb-text-link\" style=\"\" href=\"https:\/\/www.carrierewellington.com\/en\/personal-memory\/\" target=\"_self\" rel=\"bookmark noopener noreferrer\">Book now<\/a>\n\t\t\t<\/div>\n\t\t\t\n\t\t\t\t\t\t\t\t\t<\/article>\n\t\t\t\t\t\t\t\t\t\t\t\t\t\t\t\t<article class=\"uagb-post__inner-wrap\">\t\t\t\t\t\t\t\t<div class='uagb-post__image'>\n\t\t\t\t\t\t\t\t\t<a href=\"https:\/\/www.carrierewellington.com\/en\/arras-1917-lhistoire-des-tunneliers-neo-zelandais\/\" target=\"_self\" rel=\"bookmark noopener noreferrer\" class='uagb-image-ratio-2-3'><img loading=\"lazy\" decoding=\"async\" width=\"1024\" height=\"567\" src=\"https:\/\/www.carrierewellington.com\/wp-content\/uploads\/2023\/07\/Ombre-de-tunnelier-1024x567.png\" class=\"attachment-large size-large\" alt=\"\" srcset=\"https:\/\/www.carrierewellington.com\/wp-content\/uploads\/2023\/07\/Ombre-de-tunnelier-1024x567.png 1024w, https:\/\/www.carrierewellington.com\/wp-content\/uploads\/2023\/07\/Ombre-de-tunnelier-300x166.png 300w, https:\/\/www.carrierewellington.com\/wp-content\/uploads\/2023\/07\/Ombre-de-tunnelier-768x425.png 768w, https:\/\/www.carrierewellington.com\/wp-content\/uploads\/2023\/07\/Ombre-de-tunnelier-18x10.png 18w, https:\/\/www.carrierewellington.com\/wp-content\/uploads\/2023\/07\/Ombre-de-tunnelier.png 1116w\" sizes=\"auto, (max-width: 1024px) 100vw, 1024px\" \/>\t\t\t\t\t<\/a>\n\t\t\t\t\t\t\t<\/div>\n\t\t\t\t\t\t<h5 class=\"uagb-post__title uagb-post__text\">\n\t\t\t\t<a href=\"https:\/\/www.carrierewellington.com\/en\/arras-1917-lhistoire-des-tunneliers-neo-zelandais\/\" target=\"_self\" rel=\"bookmark noopener noreferrer\">Film &#8211; Arras 1917, l&rsquo;histoire des tunneliers n\u00e9o-z\u00e9landais<\/a>\n\t\t\t<\/h5>\n\t\t\t\t\t\t<div class='uagb-post__text uagb-post-grid-byline'>\n\t\t\t\t\t\t\t<\/div>\n\t\t\t\t\t\t\t<div class='uagb-post__text uagb-post__excerpt'>\n\t\t\t\t\t\u00c0 partir de 6\u20ac\t\t\t\t<\/div>\n\t\t\t\t\t\t<div class=\"uagb-post__text uagb-post__cta wp-block-button\">\n\t\t\t\t<a class=\"wp-block-button__link uagb-text-link\" style=\"\" href=\"https:\/\/www.carrierewellington.com\/en\/arras-1917-lhistoire-des-tunneliers-neo-zelandais\/\" target=\"_self\" rel=\"bookmark noopener noreferrer\">Book now<\/a>\n\t\t\t<\/div>\n\t\t\t\n\t\t\t\t\t\t\t\t\t<\/article>\n\t\t\t\t\t\t\t\t\t\t\t\t\t\t\t\t<article class=\"uagb-post__inner-wrap\">\t\t\t\t\t\t\t\t<div class='uagb-post__image'>\n\t\t\t\t\t\t\t\t\t<a href=\"https:\/\/www.carrierewellington.com\/en\/atelier-anzac-biscuits\/\" target=\"_self\" rel=\"bookmark noopener noreferrer\" class='uagb-image-ratio-2-3'><img loading=\"lazy\" decoding=\"async\" width=\"940\" height=\"788\" src=\"https:\/\/www.carrierewellington.com\/wp-content\/uploads\/2025\/03\/Anzac-biscuits-3.png\" class=\"attachment-large size-large\" alt=\"\" srcset=\"https:\/\/www.carrierewellington.com\/wp-content\/uploads\/2025\/03\/Anzac-biscuits-3.png 940w, https:\/\/www.carrierewellington.com\/wp-content\/uploads\/2025\/03\/Anzac-biscuits-3-300x251.png 300w, https:\/\/www.carrierewellington.com\/wp-content\/uploads\/2025\/03\/Anzac-biscuits-3-768x644.png 768w, https:\/\/www.carrierewellington.com\/wp-content\/uploads\/2025\/03\/Anzac-biscuits-3-14x12.png 14w\" sizes=\"auto, (max-width: 940px) 100vw, 940px\" \/>\t\t\t\t\t<\/a>\n\t\t\t\t\t\t\t<\/div>\n\t\t\t\t\t\t<h5 class=\"uagb-post__title uagb-post__text\">\n\t\t\t\t<a href=\"https:\/\/www.carrierewellington.com\/en\/atelier-anzac-biscuits\/\" target=\"_self\" rel=\"bookmark noopener noreferrer\">Atelier ANZAC Biscuits<\/a>\n\t\t\t<\/h5>\n\t\t\t\t\t\t<div class='uagb-post__text uagb-post-grid-byline'>\n\t\t\t\t\t\t\t<\/div>\n\t\t\t\t\t\t\t<div class='uagb-post__text uagb-post__excerpt'>\n\t\t\t\t\tTarif unique 5,70\u20ac\t\t\t\t<\/div>\n\t\t\t\t\t\t<div class=\"uagb-post__text uagb-post__cta wp-block-button\">\n\t\t\t\t<a class=\"wp-block-button__link uagb-text-link\" style=\"\" href=\"https:\/\/www.carrierewellington.com\/en\/atelier-anzac-biscuits\/\" target=\"_self\" rel=\"bookmark noopener noreferrer\">Book now<\/a>\n\t\t\t<\/div>\n\t\t\t\n\t\t\t\t\t\t\t\t\t<\/article>\n\t\t\t\t\t\t\t\t\t\t\t\t\t\t\t\t<article class=\"uagb-post__inner-wrap\">\t\t\t\t\t\t\t\t<div class='uagb-post__image'>\n\t\t\t\t\t\t\t\t\t<a href=\"https:\/\/www.carrierewellington.com\/en\/la-bataille-de-bullecourt-a-velo\/\" target=\"_self\" rel=\"bookmark noopener noreferrer\" class='uagb-image-ratio-2-3'><img loading=\"lazy\" decoding=\"async\" width=\"1024\" height=\"576\" src=\"https:\/\/www.carrierewellington.com\/wp-content\/uploads\/2026\/01\/Digger-Bullecourt-Mathias-Noel-6-1024x576.jpg\" class=\"attachment-large size-large\" alt=\"\" srcset=\"https:\/\/www.carrierewellington.com\/wp-content\/uploads\/2026\/01\/Digger-Bullecourt-Mathias-Noel-6-1024x576.jpg 1024w, https:\/\/www.carrierewellington.com\/wp-content\/uploads\/2026\/01\/Digger-Bullecourt-Mathias-Noel-6-300x169.jpg 300w, https:\/\/www.carrierewellington.com\/wp-content\/uploads\/2026\/01\/Digger-Bullecourt-Mathias-Noel-6-768x432.jpg 768w, https:\/\/www.carrierewellington.com\/wp-content\/uploads\/2026\/01\/Digger-Bullecourt-Mathias-Noel-6-1536x864.jpg 1536w, https:\/\/www.carrierewellington.com\/wp-content\/uploads\/2026\/01\/Digger-Bullecourt-Mathias-Noel-6-2048x1152.jpg 2048w, https:\/\/www.carrierewellington.com\/wp-content\/uploads\/2026\/01\/Digger-Bullecourt-Mathias-Noel-6-18x10.jpg 18w\" sizes=\"auto, (max-width: 1024px) 100vw, 1024px\" \/>\t\t\t\t\t<\/a>\n\t\t\t\t\t\t\t<\/div>\n\t\t\t\t\t\t<h5 class=\"uagb-post__title uagb-post__text\">\n\t\t\t\t<a href=\"https:\/\/www.carrierewellington.com\/en\/la-bataille-de-bullecourt-a-velo\/\" target=\"_self\" rel=\"bookmark noopener noreferrer\">La Bataille de Bullecourt \u00e0 V\u00e9lo<\/a>\n\t\t\t<\/h5>\n\t\t\t\t\t\t<div class='uagb-post__text uagb-post-grid-byline'>\n\t\t\t\t\t\t\t<\/div>\n\t\t\t\t\t\t\t<div class='uagb-post__text uagb-post__excerpt'>\n\t\t\t\t\tA partir de 15\u20ac\t\t\t\t<\/div>\n\t\t\t\t\t\t<div class=\"uagb-post__text uagb-post__cta wp-block-button\">\n\t\t\t\t<a class=\"wp-block-button__link uagb-text-link\" style=\"\" href=\"https:\/\/www.carrierewellington.com\/en\/la-bataille-de-bullecourt-a-velo\/\" target=\"_self\" rel=\"bookmark noopener noreferrer\">Book now<\/a>\n\t\t\t<\/div>\n\t\t\t\n\t\t\t\t\t\t\t\t\t<\/article>\n\t\t\t\t\t\t\t\t\t\t\t<\/div>","protected":false},"excerpt":{"rendered":"","protected":false},"author":1,"featured_media":3581,"parent":0,"menu_order":4,"comment_status":"closed","ping_status":"closed","template":"","meta":{"_acf_changed":false,"om_disable_all_campaigns":false,"inline_featured_image":false,"_uag_custom_page_level_css":"","_monsterinsights_skip_tracking":false,"_monsterinsights_sitenote_active":false,"_monsterinsights_sitenote_note":"","_monsterinsights_sitenote_category":0,"site-sidebar-layout":"default","site-content-layout":"default","ast-main-header-display":"","ast-hfb-above-header-display":"","ast-hfb-below-header-display":"","ast-hfb-mobile-header-display":"","site-post-title":"","ast-breadcrumbs-content":"","ast-featured-img":"","footer-sml-layout":"","theme-transparent-header-meta":"","adv-header-id-meta":"","stick-header-meta":"","header-above-stick-meta":"","header-main-stick-meta":"","header-below-stick-meta":"","pgc_sgb_lightbox_settings":"","footnotes":""},"class_list":["post-2164","page","type-page","status-publish","has-post-thumbnail","hentry"],"acf":[],"uagb_featured_image_src":{"full":["https:\/\/www.carrierewellington.com\/wp-content\/uploads\/2023\/09\/Inauguration-Wellington-\u00a9-Lea-Sikora-scaled-e1695222430390.jpg",2560,1092,false],"thumbnail":["https:\/\/www.carrierewellington.com\/wp-content\/uploads\/2023\/09\/Inauguration-Wellington-\u00a9-Lea-Sikora-scaled-e1695222430390-150x150.jpg",150,150,true],"medium":["https:\/\/www.carrierewellington.com\/wp-content\/uploads\/2023\/09\/Inauguration-Wellington-\u00a9-Lea-Sikora-scaled-e1695222430390-300x128.jpg",300,128,true],"medium_large":["https:\/\/www.carrierewellington.com\/wp-content\/uploads\/2023\/09\/Inauguration-Wellington-\u00a9-Lea-Sikora-scaled-e1695222430390-768x328.jpg",768,328,true],"large":["https:\/\/www.carrierewellington.com\/wp-content\/uploads\/2023\/09\/Inauguration-Wellington-\u00a9-Lea-Sikora-scaled-e1695222430390-1024x437.jpg",1024,437,true],"1536x1536":["https:\/\/www.carrierewellington.com\/wp-content\/uploads\/2023\/09\/Inauguration-Wellington-\u00a9-Lea-Sikora-scaled-e1695222430390-1536x655.jpg",1536,655,true],"2048x2048":["https:\/\/www.carrierewellington.com\/wp-content\/uploads\/2023\/09\/Inauguration-Wellington-\u00a9-Lea-Sikora-scaled-e1695222430390-2048x874.jpg",2048,874,true],"trp-custom-language-flag":["https:\/\/www.carrierewellington.com\/wp-content\/uploads\/2023\/09\/Inauguration-Wellington-\u00a9-Lea-Sikora-scaled-e1695222430390-18x8.jpg",18,8,true],"ultp_layout_landscape_large":["https:\/\/www.carrierewellington.com\/wp-content\/uploads\/2023\/09\/Inauguration-Wellington-\u00a9-Lea-Sikora-scaled-e1695222430390-1200x800.jpg",1200,800,true],"ultp_layout_landscape":["https:\/\/www.carrierewellington.com\/wp-content\/uploads\/2023\/09\/Inauguration-Wellington-\u00a9-Lea-Sikora-scaled-e1695222430390-870x570.jpg",870,570,true],"ultp_layout_portrait":["https:\/\/www.carrierewellington.com\/wp-content\/uploads\/2023\/09\/Inauguration-Wellington-\u00a9-Lea-Sikora-scaled-e1695222430390-600x900.jpg",600,900,true],"ultp_layout_square":["https:\/\/www.carrierewellington.com\/wp-content\/uploads\/2023\/09\/Inauguration-Wellington-\u00a9-Lea-Sikora-scaled-e1695222430390-600x600.jpg",600,600,true]},"uagb_author_info":{"display_name":"isfayhy","author_link":"https:\/\/www.carrierewellington.com\/en\/author\/isfayhy\/"},"uagb_comment_info":0,"uagb_excerpt":null,"_links":{"self":[{"href":"https:\/\/www.carrierewellington.com\/en\/wp-json\/wp\/v2\/pages\/2164","targetHints":{"allow":["GET"]}}],"collection":[{"href":"https:\/\/www.carrierewellington.com\/en\/wp-json\/wp\/v2\/pages"}],"about":[{"href":"https:\/\/www.carrierewellington.com\/en\/wp-json\/wp\/v2\/types\/page"}],"author":[{"embeddable":true,"href":"https:\/\/www.carrierewellington.com\/en\/wp-json\/wp\/v2\/users\/1"}],"replies":[{"embeddable":true,"href":"https:\/\/www.carrierewellington.com\/en\/wp-json\/wp\/v2\/comments?post=2164"}],"version-history":[{"count":55,"href":"https:\/\/www.carrierewellington.com\/en\/wp-json\/wp\/v2\/pages\/2164\/revisions"}],"predecessor-version":[{"id":4269,"href":"https:\/\/www.carrierewellington.com\/en\/wp-json\/wp\/v2\/pages\/2164\/revisions\/4269"}],"wp:featuredmedia":[{"embeddable":true,"href":"https:\/\/www.carrierewellington.com\/en\/wp-json\/wp\/v2\/media\/3581"}],"wp:attachment":[{"href":"https:\/\/www.carrierewellington.com\/en\/wp-json\/wp\/v2\/media?parent=2164"}],"curies":[{"name":"wp","href":"https:\/\/api.w.org\/{rel}","templated":true}]}}