{"id":3569,"date":"2023-09-12T10:16:30","date_gmt":"2023-09-12T08:16:30","guid":{"rendered":"https:\/\/www.carrierewellington.com\/?page_id=3569"},"modified":"2026-03-24T15:40:45","modified_gmt":"2026-03-24T14:40:45","slug":"mentions-legales","status":"publish","type":"page","link":"https:\/\/www.carrierewellington.com\/en\/mentions-legales\/","title":{"rendered":"Terms and conditions"},"content":{"rendered":"<h3 class=\"wp-block-custom-heading\" style=\"color:#133374\">Identification du professionnel<\/h3>\n\n\n\n<p class=\"has-blue-navy-color has-text-color\"><strong>SITE OFFICIEL DE LA CARRIERE WELLINGTON &#8211; BY ARRAS PAYS D\u2019ARTOIS<\/strong> <strong>TOURISME<\/strong><\/p>\n\n\n\n<p class=\"has-small-font-size\">Bienvenue sur le site carrierewellington.com (ci-apr\u00e8s le \u00ab&nbsp;Site&nbsp;\u00bb). Conform\u00e9ment aux dispositions de la Loi n\u00b02004-574 du 21 juin 2004, modifi\u00e9e notamment par les Lois n\u00b02011-525 du 17 mai 2011, n\u00b02013-1168 du 18 d\u00e9cembre 2013 et n\u00b02014-873 du 4 ao\u00fbt 2014, il est port\u00e9 \u00e0 la connaissance de l\u2019Utilisateur du site carrierewellington.com les pr\u00e9sentes mentions l\u00e9gales.&nbsp;Le site carrierewellington.com est accessible \u00e0 l\u2019adresse suivante : www.carrierewellington.com (ci-apr\u00e8s le \u00ab&nbsp;Site&nbsp;\u00bb). L\u2019acc\u00e8s et l\u2019utilisation du Site sont soumis aux pr\u00e9sentes \u00ab&nbsp;Mentions l\u00e9gales&nbsp;\u00bb d\u00e9taill\u00e9es ci-apr\u00e8s, ainsi qu\u2019aux lois et\/ou r\u00e8glements applicables. La connexion, l\u2019utilisation et l\u2019acc\u00e8s au Site impliquent l\u2019acceptation int\u00e9grale et sans r\u00e9serve de l\u2019Utilisateur de l\u2019int\u00e9gralit\u00e9 des dispositions des pr\u00e9sentes Mentions L\u00e9gales. L\u2019Utilisateur est inform\u00e9 qu\u2019il est tenu par les pr\u00e9sentes.<\/p>\n\n\n\n<p class=\"has-blue-navy-color has-text-color\"><strong>D\u00c9FINITIONS DES TERMES<\/strong><\/p>\n\n\n\n<p class=\"has-small-font-size\"> Dans les Mentions l\u00e9gales, les mots ou expressions commen\u00e7ant avec une majuscule ont la signification qui suit :<br> &#8211; Site : www.carrierewellington.com ;<br> &#8211; l\u2019\u00c9diteur : la soci\u00e9t\u00e9 Arras Pays d\u2019Artois Tourisme ;<br> &#8211; Utilisateur : toute personne utilisant le site www.carrierewellington.com  ou l\u2019un des services propos\u00e9s par celui-ci ;<br> &#8211; Espace personnel : espace personnel de l\u2019Utilisateur auquel ce dernier a acc\u00e8s apr\u00e8s avoir cr\u00e9\u00e9 un compte ;<br> &#8211; Identifiant : adresse email n\u00e9cessaire \u00e0 l\u2019identification d\u2019un Utilisateur sur le Site pour acc\u00e9der \u00e0 son compte ;<br> &#8211; Mot de passe : suite de caract\u00e8res que l\u2019Utilisateur doit garder confidentielle qui lui permet avec son identifiant de se connecter \u00e0 son compte ;<br> &#8211; Service : service(s) propos\u00e9(s) sur le site www.carrierewellington.com;<br> &#8211; Cookie(s) : \u00e9l\u00e9ment servant \u00e0 enregistrer des informations relatives \u00e0 la navigation de l\u2019Utilisateur sur le site Internet www.carrierewellington.com, \u00e0 l\u2019exception de tout autre utilisation<br> &#8211; CNIL : Commission nationale informatique et Libert\u00e9s.<\/p>\n\n\n\n<p class=\"has-blue-navy-color has-text-color\"><strong>INFORMATIONS L\u00c9GALES<\/strong><\/p>\n\n\n\n<p class=\"has-small-font-size\">Le Site est \u00e9dit\u00e9 par Arras Pays d\u2019Artois Tourisme, Soci\u00e9t\u00e9 Publique Locale \u00e0 conseil d\u2019administration au capital social de 450.000 euros.<\/p>\n\n\n\n<p class=\"has-small-font-size\">L\u2019Office de Tourisme des Loisirs et des Congr\u00e8s Arras Pays d\u2019Artois (ci-contre appel\u00e9 Arras Pays d\u2019Artois Tourisme) est un organisme local de tourisme autoris\u00e9 :<br>N\u00b0 de TVA intracommunautaire : FR52827461682<br>N\u00b0 SIRET est le : 827 461 682 000 29<br>N\u00b0 RCS est le :  827 461 682<br>Si\u00e8ge social : 29 rue des Rosati, 62000 Arras<br>T\u00e9l\u00e9phone : +33 (0)3 21 51 26 95<br>Mail : contact@arraspaysdartois.com<\/p>\n\n\n\n<p class=\"has-small-font-size\">Arras Pays d&rsquo;Artois Tourisme a \u00e9t\u00e9 immatricul\u00e9 au registre des op\u00e9rateurs de voyages et de s\u00e9jours sous le num\u00e9ro IM062180001 au registre des op\u00e9rateurs de s\u00e9jours et de voyages.<\/p>\n\n\n\n<p class=\"has-small-font-size\">Ci-apr\u00e8s d\u00e9sign\u00e9e \u00ab l\u2019\u00c9diteur \u00bb.<br><br>&#8211; T\u00e9l\u00e9phone : <a href=\"https:\/\/www.google.com\/search?q=ot+arras&amp;rlz=1C5CHFA_enFR728FR729&amp;oq=ot+arras&amp;aqs=chrome..69i57j69i60l3j0l2.3296j0j4&amp;sourceid=chrome&amp;ie=UTF-8\">+33 (0)3 21 51 26 95<\/a><br>&#8211;&nbsp;H\u00e9bergeur du Site \/ Nom de domaine carrierewellington.com : Soci\u00e9t\u00e9 OVH CLOUD ; 2, rue Kellermann, 59100 Roubaix<br>&#8211;&nbsp;H\u00e9bergeur du Site \/ Nom de domaine reservation.arraspaysdartois.com : Soci\u00e9t\u00e9 INGENIE<br>&#8211;&nbsp;Conception fonctionnelle&nbsp;: Soci\u00e9t\u00e9 Arras Pays d&rsquo;Artois Tourisme<br>&#8211; Conception graphique, ergonomique et technique : Soci\u00e9t\u00e9 Arras Pays d&rsquo;Artois Tourisme<\/p>\n\n\n\n<p class=\"has-blue-navy-color has-text-color\"><strong>ACCESSIBILIT\u00c9<\/strong><\/p>\n\n\n\n<p class=\"has-small-font-size\">Le\nSite est accessible gratuitement \u00e0 tout Utilisateur disposant d\u2019un\nacc\u00e8s \u00e0 internet.&nbsp;L\u2019Utilisateur du Site est responsable de\nson \u00e9quipement informatique ainsi que de son acc\u00e8s \u00e0 internet.\n&nbsp;Tous les co\u00fbts relatifs \u00e0 l\u2019acc\u00e8s au Site restent \u00e0 la\ncharge de l\u2019Utilisateur.&nbsp;L\u2019Editeur mettra en \u0153uvre tous les\nmoyens afin d\u2019assurer un acc\u00e8s au Site 24h\/24, 7 jours\/7, mais ne\npourra \u00eatre tenu responsable de toute probl\u00e8me, dysfonctionnement\ndu Site qui emp\u00eacherait tout acc\u00e8s au Site et\/ou aux diff\u00e9rents\nservices propos\u00e9s par \u00ab&nbsp;arraspaysdartois.com&nbsp;\u00bb.\nL\u2019Editeur fera son possible afin de r\u00e9soudre tout probl\u00e8me dans\nles meilleurs d\u00e9lais.&nbsp;L\u2019Editeur se r\u00e9serve la libert\u00e9 de\nfaire \u00e9voluer, de modifier ou de suspendre, sans pr\u00e9avis, le\nService pour des raisons de maintenance ou pour tout autre motif jug\u00e9\nn\u00e9cessaire. Une page d\u2019information est alors affich\u00e9e \u00e0\nl\u2019Utilisateur lui mentionnant cette indisponibilit\u00e9.\nL\u2019indisponibilit\u00e9 du Service ne donne droit \u00e0 aucune indemnit\u00e9.<\/p>\n\n\n\n<p class=\"has-blue-navy-color has-text-color\"><strong>DROITS D&rsquo;AUTEURS<\/strong><\/p>\n\n\n\n<p class=\"has-small-font-size\">Ce site et les \u00e9l\u00e9ments qui le composent constituent des \u0153uvres prot\u00e9g\u00e9es par la l\u00e9gislation fran\u00e7aise et les conventions internationales relatives au droit d\u2019auteur et \u00e0 la propri\u00e9t\u00e9 intellectuelle. La reproduction de tout ou partie de ce site sur support \u00e9lectronique ou papier (y compris les documents t\u00e9l\u00e9chargeables) est formellement interdite sauf autorisation express du directeur de la publication. Pour toute reproduction autoris\u00e9e, le nom de l\u2019auteur et celui de la source devront \u00eatre obligatoirement mentionn\u00e9s.\u00a0La mention des cr\u00e9dits photographiques est indiqu\u00e9e directement sur les images dans le site.<\/p>","protected":false},"excerpt":{"rendered":"<p>SITE OFFICIEL DE LA CARRIERE WELLINGTON &#8211; BY ARRAS PAYS D\u2019ARTOIS TOURISME Bienvenue sur le site carrierewellington.com (ci-apr\u00e8s le \u00ab&nbsp;Site&nbsp;\u00bb). Conform\u00e9ment aux dispositions de la Loi n\u00b02004-574 du 21 juin 2004, modifi\u00e9e notamment par les Lois n\u00b02011-525 du 17 mai 2011, n\u00b02013-1168 du 18 d\u00e9cembre 2013 et n\u00b02014-873 du 4 ao\u00fbt 2014, il est port\u00e9 <a class=\"read_more\" href=\"https:\/\/www.carrierewellington.com\/en\/mentions-legales\/\"> <\/p>\n<p> <button>Lire la suite<\/button><\/a><\/p>","protected":false},"author":5,"featured_media":0,"parent":0,"menu_order":0,"comment_status":"closed","ping_status":"closed","template":"","meta":{"_acf_changed":false,"om_disable_all_campaigns":false,"inline_featured_image":false,"_uag_custom_page_level_css":"","_monsterinsights_skip_tracking":false,"_monsterinsights_sitenote_active":false,"_monsterinsights_sitenote_note":"","_monsterinsights_sitenote_category":0,"site-sidebar-layout":"default","site-content-layout":"default","ast-main-header-display":"","ast-hfb-above-header-display":"","ast-hfb-below-header-display":"","ast-hfb-mobile-header-display":"","site-post-title":"","ast-breadcrumbs-content":"","ast-featured-img":"","footer-sml-layout":"","theme-transparent-header-meta":"","adv-header-id-meta":"","stick-header-meta":"","header-above-stick-meta":"","header-main-stick-meta":"","header-below-stick-meta":"","pgc_sgb_lightbox_settings":"","footnotes":""},"class_list":["post-3569","page","type-page","status-publish","hentry"],"acf":[],"uagb_featured_image_src":{"full":false,"thumbnail":false,"medium":false,"medium_large":false,"large":false,"1536x1536":false,"2048x2048":false,"trp-custom-language-flag":false,"ultp_layout_landscape_large":false,"ultp_layout_landscape":false,"ultp_layout_portrait":false,"ultp_layout_square":false},"uagb_author_info":{"display_name":"Matthieu Bequart","author_link":"https:\/\/www.carrierewellington.com\/en\/author\/mbequart\/"},"uagb_comment_info":0,"uagb_excerpt":"SITE OFFICIEL DE LA CARRIERE WELLINGTON &#8211; BY ARRAS PAYS D\u2019ARTOIS TOURISME Bienvenue sur le site carrierewellington.com (ci-apr\u00e8s le \u00ab&nbsp;Site&nbsp;\u00bb). Conform\u00e9ment aux dispositions de la Loi n\u00b02004-574 du 21 juin 2004, modifi\u00e9e notamment par les Lois n\u00b02011-525 du 17 mai 2011, n\u00b02013-1168 du 18 d\u00e9cembre 2013 et n\u00b02014-873 du 4 ao\u00fbt 2014, il est port\u00e9&hellip;","_links":{"self":[{"href":"https:\/\/www.carrierewellington.com\/en\/wp-json\/wp\/v2\/pages\/3569","targetHints":{"allow":["GET"]}}],"collection":[{"href":"https:\/\/www.carrierewellington.com\/en\/wp-json\/wp\/v2\/pages"}],"about":[{"href":"https:\/\/www.carrierewellington.com\/en\/wp-json\/wp\/v2\/types\/page"}],"author":[{"embeddable":true,"href":"https:\/\/www.carrierewellington.com\/en\/wp-json\/wp\/v2\/users\/5"}],"replies":[{"embeddable":true,"href":"https:\/\/www.carrierewellington.com\/en\/wp-json\/wp\/v2\/comments?post=3569"}],"version-history":[{"count":7,"href":"https:\/\/www.carrierewellington.com\/en\/wp-json\/wp\/v2\/pages\/3569\/revisions"}],"predecessor-version":[{"id":4439,"href":"https:\/\/www.carrierewellington.com\/en\/wp-json\/wp\/v2\/pages\/3569\/revisions\/4439"}],"wp:attachment":[{"href":"https:\/\/www.carrierewellington.com\/en\/wp-json\/wp\/v2\/media?parent=3569"}],"curies":[{"name":"wp","href":"https:\/\/api.w.org\/{rel}","templated":true}]}}