{"id":624,"date":"2022-04-07T13:38:16","date_gmt":"2022-04-07T11:38:45","guid":{"rendered":"http:\/\/carriej.cluster030.hosting.ovh.net\/?page_id=624"},"modified":"2026-01-15T16:49:46","modified_gmt":"2026-01-15T15:49:46","slug":"informations-pratiques","status":"publish","type":"page","link":"https:\/\/www.carrierewellington.com\/en\/informations-pratiques\/","title":{"rendered":"Practical information"},"content":{"rendered":"<section class=\"wp-block-uagb-columns uagb-columns__wrap uagb-columns__background-color uagb-columns__stack-mobile uagb-columns__valign- uagb-columns__gap-15 alignfull uagb-block-77d1db93 uagb-columns__columns-3 uagb-columns__max_width-theme\"><div class=\"uagb-columns__overlay\"><\/div><div class=\"uagb-columns__inner-wrap uagb-columns__columns-3\">\n<div class=\"wp-block-uagb-column uagb-column__wrap uagb-column__background-color uagb-block-1119163f\"><div class=\"uagb-column__overlay\"><\/div>\n<h4 class=\"wp-block-heading has-text-align-center has-black-color has-text-color\"><strong>Accessibility<\/strong><\/h4>\n\n\n\n<p class=\"has-text-align-center\">Accessible for people with reduced mobility<br>mobilit\u00e9 r\u00e9duite. <\/p>\n\n\n\n<p class=\"has-text-align-center\">Audioguides en fran\u00e7ais, anglais, allemand et n\u00e9erlandais.<\/p>\n\n\n\n<p class=\"has-text-align-center\">Les chiens ne sont pas autoris\u00e9s.<\/p>\n\n\n\n<p><\/p>\n\n\n\n<p class=\"has-text-align-center\">Site \u00e9quip\u00e9 d\u2019une boucle \u00e0 induction magn\u00e9tique (BIM)&nbsp;<\/p>\n<\/div>\n\n\n\n<div class=\"wp-block-uagb-column uagb-column__wrap uagb-column__background-color uagb-block-3767b9a2\"><div class=\"uagb-column__overlay\"><\/div>\n<h4 class=\"wp-block-heading has-text-align-center has-black-color has-text-color\"><strong>Opening Hours<\/strong><\/h4>\n\n\n\n<p class=\"has-text-align-center\">Every day from <strong>9h45<\/strong> at <strong>12:30 pm<\/strong><br>and from <strong>13h30<\/strong> at <strong>18h00<\/strong>.<br>Closed January 1st<br>the three weeks after christmas<br>and December 25th<\/p>\n<\/div>\n\n\n\n<div class=\"wp-block-uagb-column uagb-column__wrap uagb-column__background-color uagb-block-81618ace\"><div class=\"uagb-column__overlay\"><\/div>\n<h4 class=\"wp-block-heading has-text-align-center has-black-color has-text-color\"><strong>Contact<\/strong><\/h4>\n\n\n\n<p class=\"has-text-align-center\">T\u00e9l . : +33 (0)3 21 51 26 95<br>Fax. : +33 (0)3 21 71 07 34<br>contact@arraspaysdartois.com<br>www.carrierewellington.com<\/p>\n<\/div>\n<\/div><\/section>\n\n\n\n\n\n<div class=\"wp-block-columns is-layout-flex wp-container-core-columns-is-layout-9d6595d7 wp-block-columns-is-layout-flex\">\n<div class=\"wp-block-column is-layout-flow wp-block-column-is-layout-flow\">\n<div class=\"wp-block-group is-layout-constrained wp-block-group-is-layout-constrained\"><div class=\"wp-block-group__inner-container\">\n<h4 class=\"wp-block-heading has-text-align-center has-ast-global-color-7-color has-text-color\"><strong>Send us a message<\/strong><\/h4>\n\n\n\n<div class=\"wp-block-uagb-container uagb-block-86023366 alignfull uagb-is-root-container\"><div class=\"uagb-container-inner-blocks-wrap\">\n<div class=\"wp-block-uagb-forms uagb-forms__outer-wrap uagb-block-318eed56 uagb-forms__medium-btn\"><form class=\"uagb-forms-main-form\" method=\"post\" autocomplete=\"on\" name=\"uagb-form-318eed56\" action=\"\">\n<div class=\"wp-block-uagb-forms-name uagb-forms-name-wrap uagb-forms-field-set uagb-block-23009d5e\"><div class=\"uagb-forms-name-label required uagb-forms-input-label\" id=\"23009d5e\">Name<\/div><input type=\"text\" placeholder=\"Name\" required class=\"uagb-forms-name-input uagb-forms-input\" name=\"23009d5e\" autocomplete=\"off\"\/><\/div>\n\n\n\n<div class=\"wp-block-uagb-forms-email uagb-forms-email-wrap uagb-forms-field-set uagb-block-bc2fc273\"><div class=\"uagb-forms-email-label  uagb-forms-input-label\" id=\"bc2fc273\">Mail<\/div><input type=\"email\" class=\"uagb-forms-email-input uagb-forms-input\" placeholder=\"Mail\" name=\"bc2fc273\" autocomplete=\"email\"\/><\/div>\n\n\n\n<div class=\"wp-block-uagb-forms-name uagb-forms-name-wrap uagb-forms-field-set uagb-block-ea5656a4\"><div class=\"uagb-forms-name-label required uagb-forms-input-label\" id=\"ea5656a4\">Subject<\/div><input type=\"text\" placeholder=\"Subject\" required class=\"uagb-forms-name-input uagb-forms-input\" name=\"ea5656a4\" autocomplete=\"off\"\/><\/div>\n\n\n\n<div class=\"wp-block-uagb-forms-textarea uagb-forms-textarea-wrap uagb-forms-field-set uagb-block-e5742f08\"><div class=\"uagb-forms-textarea-label required uagb-forms-input-label\" id=\"e5742f08\">Message<\/div><textarea required class=\"uagb-forms-textarea-input uagb-forms-input\" rows=\"4\" placeholder=\"Message\" name=\"e5742f08\" autocomplete=\"off\"><\/textarea><\/div>\n<div class=\"uagb-forms-form-hidden-data\"><input type=\"hidden\" class=\"uagb_forms_form_label\" value=\"Spectra Form\"\/><input type=\"hidden\" class=\"uagb_forms_form_id\" value=\"uagb-form-318eed56\"\/><\/div><div class=\"uagb-form-reacaptcha-error-318eed56\"><\/div><div class=\"uagb-forms-main-submit-button-wrap wp-block-button\"><button class=\"uagb-forms-main-submit-button wp-block-button__link\"><div class=\"uagb-forms-main-submit-button-text\">Send message<\/div><\/button><\/div><input type=\"hidden\" name=\"trp-form-language\" value=\"en\"\/><\/form><div class=\"uagb-forms-success-message-318eed56 uagb-forms-submit-message-hide\"><span>Le message a bien \u00e9t\u00e9 envoy\u00e9\u00a0!<\/span><\/div><div class=\"uagb-forms-failed-message-318eed56 uagb-forms-submit-message-hide\"><span>There has been some error while submitting the form. Please verify all form fields again.<\/span><\/div><\/div>\n<\/div><\/div>\n<\/div><\/div>\n<\/div>\n\n\n\n<div class=\"wp-block-column is-layout-flow wp-block-column-is-layout-flow\">\n<p><\/p>\n\n\n\n<h4 class=\"wp-block-heading has-text-align-center has-black-color has-text-color\"><strong>Access<\/strong><\/h4>\n\n\n\n<p><\/p>\n\n\n\n<p><strong>Rue Arthur Deletoille, 62000 Arras<\/strong> .<\/p>\n\n\n\n<p class=\"has-text-align-left\"><strong>By car :<br>From Paris (A1) :<\/strong> \u2022 exit n\u00b0 5, Arras \u2022 Follow D939 \u2022 Enter in Arras and follow the Carri\u00e8re Wellington signs<br><strong>From Lille (A1) :<\/strong> \u2022 exit n\u00b0 16, Arras-Centre \u2022 Follow D917 \u2022 Enter in Arras and follow the Carri\u00e8re Wellington signs<br><strong>From Calais (A26) :<\/strong> \u2022 exit n\u00b0 7, Arras-Centre \u2022 Follow N17 \u2022 Take D917 Near Arras \u2022 Enter in Arras and follow the Carri\u00e8re Wellington signs<br><strong>Free car and bus parking<\/strong><\/p>\n\n\n\n<p><strong>By train :<br><\/strong>Arras station at 1km<br>Bus urbain Artis : ligne 7, arr\u00eat Jean Jaur\u00e8s.<\/p>\n<\/div>\n<\/div>\n\n\n\n<section class=\"wp-block-uagb-columns uagb-columns__wrap uagb-columns__background-color uagb-columns__stack-mobile uagb-columns__valign- uagb-columns__gap-15 alignfull uagb-block-3248947b uagb-columns__columns-3 uagb-columns__max_width-theme\"><div class=\"uagb-columns__overlay\"><\/div><div class=\"uagb-columns__inner-wrap uagb-columns__columns-3\">\n<div class=\"wp-block-uagb-column uagb-column__wrap uagb-column__background-color uagb-block-688eaf52\"><div class=\"uagb-column__overlay\"><\/div>\n<h4 class=\"wp-block-heading has-text-align-center has-black-color has-text-color\"><strong>Means of payment accepted <\/strong><\/h4>\n\n\n\n<figure class=\"wp-block-gallery has-nested-images columns-4 wp-block-gallery-1 is-layout-flex wp-block-gallery-is-layout-flex\">\n<figure class=\"wp-block-image size-large\"><img loading=\"lazy\" decoding=\"async\" width=\"89\" height=\"67\" data-id=\"2305\" src=\"https:\/\/www.carrierewellington.com\/wp-content\/uploads\/2023\/03\/image-3.png\" alt=\"\" class=\"wp-image-2305\"\/><\/figure>\n\n\n\n<figure class=\"wp-block-image size-large\"><img loading=\"lazy\" decoding=\"async\" width=\"140\" height=\"66\" data-id=\"2300\" src=\"https:\/\/www.carrierewellington.com\/wp-content\/uploads\/2023\/03\/image.png\" alt=\"\" class=\"wp-image-2300\"\/><\/figure>\n\n\n\n<figure class=\"wp-block-image size-large\"><img loading=\"lazy\" decoding=\"async\" width=\"164\" height=\"115\" data-id=\"2302\" src=\"https:\/\/www.carrierewellington.com\/wp-content\/uploads\/2023\/03\/image-1.png\" alt=\"\" class=\"wp-image-2302\"\/><\/figure>\n\n\n\n<figure class=\"wp-block-image size-large\"><img loading=\"lazy\" decoding=\"async\" width=\"178\" height=\"88\" data-id=\"2304\" src=\"https:\/\/www.carrierewellington.com\/wp-content\/uploads\/2023\/03\/image-2.png\" alt=\"\" class=\"wp-image-2304\"\/><\/figure>\n<\/figure>\n<\/div>\n\n\n\n<div class=\"wp-block-uagb-column uagb-column__wrap uagb-column__background-color uagb-block-ad944a45\"><div class=\"uagb-column__overlay\"><\/div>\n<h4 class=\"wp-block-heading has-text-align-center has-black-color has-text-color\"><strong>Languages<\/strong><\/h4>\n\n\n\n<p class=\"has-text-align-center\">Langues parl\u00e9es : Fran\u00e7ais &#8211; Anglais.<\/p>\n\n\n\n<p class=\"has-text-align-center\">Audio guides and movie available in English, French, German and Dutch.<\/p>\n<\/div>\n\n\n\n<div class=\"wp-block-uagb-column uagb-column__wrap uagb-column__background-color uagb-block-5ddd0257\"><div class=\"uagb-column__overlay\"><\/div>\n<h4 class=\"wp-block-heading has-text-align-center has-black-color has-text-color\"><strong>Services<\/strong><\/h4>\n\n\n\n<p class=\"has-text-align-center\">Wifi public sur le site.<\/p>\n\n\n\n<p class=\"has-text-align-center\">Point d&rsquo;information touristique.<br><\/p>\n\n\n\n<p class=\"has-text-align-center\">La boutique propose une s\u00e9lection<br>de livres, des cartes postales et des<br>produits d\u00e9riv\u00e9s.<\/p>\n<\/div>\n<\/div><\/section>\n\n\n\n<h4 class=\"wp-block-heading has-text-align-center has-ast-global-color-7-color has-text-color\"><strong>Download the leaflet <\/strong><\/h4>\n\n\n\n<div data-wp-interactive=\"core\/file\" class=\"wp-block-file aligncenter\"><object data-wp-bind--hidden=\"!state.hasPdfPreview\" hidden class=\"wp-block-file__embed\" data=\"https:\/\/www.carrierewellington.com\/wp-content\/uploads\/2026\/01\/Flyer-Wellington-L.15-x-H.21-cm.pdf\" type=\"application\/pdf\" style=\"width:100%;height:600px\" aria-label=\"Embed of Flyer Wellington.\"><\/object><a id=\"wp-block-file--media-70991456-9a61-4638-a0fa-7919de76d3fe\" href=\"https:\/\/www.carrierewellington.com\/wp-content\/uploads\/2026\/01\/Flyer-Wellington-L.15-x-H.21-cm.pdf\" target=\"_blank\" rel=\"noreferrer noopener\">Flyer Wellington<\/a><a href=\"https:\/\/www.carrierewellington.com\/wp-content\/uploads\/2026\/01\/Flyer-Wellington-L.15-x-H.21-cm.pdf\" class=\"wp-block-file__button wp-element-button\" download aria-describedby=\"wp-block-file--media-70991456-9a61-4638-a0fa-7919de76d3fe\">Download<\/a><\/div>","protected":false},"excerpt":{"rendered":"<p>Accessibilit\u00e9 Site accessible aux personnes \u00e0mobilit\u00e9 r\u00e9duite. Audioguides en fran\u00e7ais, anglais, allemand et n\u00e9erlandais. Les chiens ne sont pas autoris\u00e9s. Site \u00e9quip\u00e9 d\u2019une boucle \u00e0 induction magn\u00e9tique (BIM)&nbsp; Horaires Tous les jours de 9h45 \u00e0 12h30et de 13h30 \u00e0 18h00.Ferm\u00e9e le 1er janvier, les troissemaines apr\u00e8s les vacances de No\u00ebl,et le 25 d\u00e9cembre. Contact T\u00e9l <a class=\"read_more\" href=\"https:\/\/www.carrierewellington.com\/en\/informations-pratiques\/\"> <\/p>\n<p> <button>Lire la suite<\/button><\/a><\/p>","protected":false},"author":1,"featured_media":0,"parent":0,"menu_order":12,"comment_status":"closed","ping_status":"closed","template":"","meta":{"_acf_changed":false,"om_disable_all_campaigns":false,"inline_featured_image":false,"_uag_custom_page_level_css":"","_monsterinsights_skip_tracking":false,"_monsterinsights_sitenote_active":false,"_monsterinsights_sitenote_note":"","_monsterinsights_sitenote_category":0,"site-sidebar-layout":"default","site-content-layout":"default","ast-main-header-display":"","ast-hfb-above-header-display":"","ast-hfb-below-header-display":"","ast-hfb-mobile-header-display":"","site-post-title":"","ast-breadcrumbs-content":"","ast-featured-img":"","footer-sml-layout":"","theme-transparent-header-meta":"","adv-header-id-meta":"","stick-header-meta":"","header-above-stick-meta":"","header-main-stick-meta":"","header-below-stick-meta":"","pgc_sgb_lightbox_settings":"","footnotes":""},"class_list":["post-624","page","type-page","status-publish","hentry"],"acf":[],"uagb_featured_image_src":{"full":false,"thumbnail":false,"medium":false,"medium_large":false,"large":false,"1536x1536":false,"2048x2048":false,"trp-custom-language-flag":false,"ultp_layout_landscape_large":false,"ultp_layout_landscape":false,"ultp_layout_portrait":false,"ultp_layout_square":false},"uagb_author_info":{"display_name":"isfayhy","author_link":"https:\/\/www.carrierewellington.com\/en\/author\/isfayhy\/"},"uagb_comment_info":0,"uagb_excerpt":"Accessibilit\u00e9 Site accessible aux personnes \u00e0mobilit\u00e9 r\u00e9duite. Audioguides en fran\u00e7ais, anglais, allemand et n\u00e9erlandais. Les chiens ne sont pas autoris\u00e9s. Site \u00e9quip\u00e9 d\u2019une boucle \u00e0 induction magn\u00e9tique (BIM)&nbsp; Horaires Tous les jours de 9h45 \u00e0 12h30et de 13h30 \u00e0 18h00.Ferm\u00e9e le 1er janvier, les troissemaines apr\u00e8s les vacances de No\u00ebl,et le 25 d\u00e9cembre. Contact T\u00e9l&hellip;","_links":{"self":[{"href":"https:\/\/www.carrierewellington.com\/en\/wp-json\/wp\/v2\/pages\/624","targetHints":{"allow":["GET"]}}],"collection":[{"href":"https:\/\/www.carrierewellington.com\/en\/wp-json\/wp\/v2\/pages"}],"about":[{"href":"https:\/\/www.carrierewellington.com\/en\/wp-json\/wp\/v2\/types\/page"}],"author":[{"embeddable":true,"href":"https:\/\/www.carrierewellington.com\/en\/wp-json\/wp\/v2\/users\/1"}],"replies":[{"embeddable":true,"href":"https:\/\/www.carrierewellington.com\/en\/wp-json\/wp\/v2\/comments?post=624"}],"version-history":[{"count":101,"href":"https:\/\/www.carrierewellington.com\/en\/wp-json\/wp\/v2\/pages\/624\/revisions"}],"predecessor-version":[{"id":4386,"href":"https:\/\/www.carrierewellington.com\/en\/wp-json\/wp\/v2\/pages\/624\/revisions\/4386"}],"wp:attachment":[{"href":"https:\/\/www.carrierewellington.com\/en\/wp-json\/wp\/v2\/media?parent=624"}],"curies":[{"name":"wp","href":"https:\/\/api.w.org\/{rel}","templated":true}]}}